{"id":33,"date":"2024-10-17T07:06:01","date_gmt":"2024-10-17T07:06:01","guid":{"rendered":"http:\/\/magaly-antoine.fr\/index.php\/gallery\/"},"modified":"2025-06-17T06:25:11","modified_gmt":"2025-06-17T06:25:11","slug":"gallery","status":"publish","type":"page","link":"https:\/\/magaly-antoine.fr\/index.php\/gallery\/","title":{"rendered":"Galerie"},"content":{"rendered":"\t\t<div data-elementor-type=\"wp-page\" data-elementor-id=\"33\" class=\"elementor elementor-33\">\n\t\t\t\t<header class=\"elementor-element elementor-element-e088c35 e-flex e-con-boxed jltma-glass-effect-no wcf-starter-animations-none e-con e-parent\" data-id=\"e088c35\" data-element_type=\"container\" data-e-type=\"container\" data-settings=\"{&quot;background_background&quot;:&quot;classic&quot;,&quot;position&quot;:&quot;fixed&quot;}\">\n\t\t\t\t\t<div class=\"e-con-inner\">\n\t\t\t\t<div class=\"elementor-element elementor-element-718aea6 premium-nav-sticky-yes elementor-widget__width-inherit premium-nav-hor premium-nav-none premium-ham-dropdown jltma-glass-effect-no elementor-widget elementor-widget-premium-nav-menu\" data-id=\"718aea6\" data-element_type=\"widget\" data-e-type=\"widget\" data-settings=\"{&quot;pa_sticky_switcher&quot;:&quot;yes&quot;,&quot;pa_sticky_on_scroll&quot;:&quot;yes&quot;,&quot;pa_sticky_disabled_on&quot;:[&quot;tablet&quot;,&quot;mobile&quot;],&quot;submenu_icon&quot;:{&quot;value&quot;:&quot;fas fa-angle-down&quot;,&quot;library&quot;:&quot;fa-solid&quot;},&quot;submenu_item_icon&quot;:{&quot;value&quot;:&quot;&quot;,&quot;library&quot;:&quot;&quot;},&quot;htmega_fe&quot;:&quot;no&quot;}\" data-widget_type=\"premium-nav-menu.default\">\n\t\t\t\t<div class=\"elementor-widget-container\">\n\t\t\t\t\t\t\t<div data-settings=\"{&quot;breakpoint&quot;:1024,&quot;mobileLayout&quot;:&quot;dropdown&quot;,&quot;mainLayout&quot;:&quot;hor&quot;,&quot;stretchDropdown&quot;:false,&quot;hoverEffect&quot;:&quot;&quot;,&quot;submenuEvent&quot;:&quot;hover&quot;,&quot;submenuTrigger&quot;:&quot;item&quot;,&quot;closeAfterClick&quot;:false,&quot;renderMobileMenu&quot;:true,&quot;stickyOptions&quot;:{&quot;targetId&quot;:&quot;&quot;,&quot;onScroll&quot;:true,&quot;disableOn&quot;:[&quot;tablet&quot;,&quot;mobile&quot;]}}\" class=\"premium-nav-widget-container premium-nav-pointer-underline premium-nav-animation-fade\" style=\"visibility:hidden; opacity:0;\">\n\t\t\t<div class=\"premium-ver-inner-container\">\n\t\t\t\t\t\t\t\t\t<div class=\"premium-hamburger-toggle premium-mobile-menu-icon\" role=\"button\" aria-label=\"Toggle Menu\">\n\t\t\t\t\t\t<span class=\"premium-toggle-text\">\n\t\t\t\t\t\t\t<i aria-hidden=\"true\" class=\"fas fa-bars\"><\/i>Menu\t\t\t\t\t\t<\/span>\n\t\t\t\t\t\t<span class=\"premium-toggle-close\">\n\t\t\t\t\t\t\t<i aria-hidden=\"true\" class=\"fas fa-times\"><\/i>Fermer\t\t\t\t\t\t<\/span>\n\t\t\t\t\t<\/div>\n\t\t\t\t\t\t\t\t\t\t\t<div class=\"premium-nav-menu-container premium-nav-default\">\n\t\t\t\t\t\t\t<ul id=\"menu-primary-menu\" class=\"premium-nav-menu premium-main-nav-menu\"><li id=\"premium-nav-menu-item-74\" class=\"menu-item menu-item-type-post_type menu-item-object-page menu-item-home premium-nav-menu-item\"><a href=\"https:\/\/magaly-antoine.fr\/\" class=\"premium-menu-link premium-menu-link-parent premium-lq__none\">Home<\/a><\/li>\n<li id=\"premium-nav-menu-item-1517\" class=\"menu-item menu-item-type-post_type menu-item-object-page premium-nav-menu-item\"><a href=\"https:\/\/magaly-antoine.fr\/index.php\/sophrologie\/\" class=\"premium-menu-link premium-menu-link-parent premium-lq__none\">Accompagnement<\/a><\/li>\n<li id=\"premium-nav-menu-item-1818\" class=\"menu-item menu-item-type-post_type menu-item-object-page premium-nav-menu-item\"><a href=\"https:\/\/magaly-antoine.fr\/index.php\/atelier-2\/\" class=\"premium-menu-link premium-menu-link-parent premium-lq__none\">Atelier<\/a><\/li>\n<li id=\"premium-nav-menu-item-171\" class=\"menu-item menu-item-type-post_type menu-item-object-page premium-nav-menu-item\"><a href=\"https:\/\/magaly-antoine.fr\/index.php\/elementor-14\/\" class=\"premium-menu-link premium-menu-link-parent premium-lq__none\">R\u00e9servation<\/a><\/li>\n<li id=\"premium-nav-menu-item-709\" class=\"menu-item menu-item-type-post_type menu-item-object-page premium-nav-menu-item\"><a href=\"https:\/\/magaly-antoine.fr\/index.php\/home-dupliquer-52\/\" class=\"premium-menu-link premium-menu-link-parent premium-lq__none\">Contact<\/a><\/li>\n<li id=\"premium-nav-menu-item-2325\" class=\"menu-item menu-item-type-post_type menu-item-object-page premium-nav-menu-item\"><a href=\"https:\/\/magaly-antoine.fr\/index.php\/gallery\/\" class=\"premium-menu-link premium-menu-link-parent premium-lq__none\">Galerie<\/a><\/li>\n<\/ul>\t\t\t\t\t\t<\/div>\n\t\t\t\t\t\t\t\t\t\t\t\t<div class=\"premium-mobile-menu-container\">\n\t\t\t\t\t\t\t\t\t\t\t\t\t\t\t<ul id=\"menu-primary-menu-1\" class=\"premium-mobile-menu premium-main-mobile-menu premium-main-nav-menu\"><li id=\"premium-nav-menu-item-741\" class=\"menu-item menu-item-type-post_type menu-item-object-page menu-item-home premium-nav-menu-item\"><a href=\"https:\/\/magaly-antoine.fr\/\" class=\"premium-menu-link premium-menu-link-parent premium-lq__none\">Home<\/a><\/li>\n<li id=\"premium-nav-menu-item-15172\" class=\"menu-item menu-item-type-post_type menu-item-object-page premium-nav-menu-item\"><a href=\"https:\/\/magaly-antoine.fr\/index.php\/sophrologie\/\" class=\"premium-menu-link premium-menu-link-parent premium-lq__none\">Accompagnement<\/a><\/li>\n<li id=\"premium-nav-menu-item-18183\" class=\"menu-item menu-item-type-post_type menu-item-object-page premium-nav-menu-item\"><a href=\"https:\/\/magaly-antoine.fr\/index.php\/atelier-2\/\" class=\"premium-menu-link premium-menu-link-parent premium-lq__none\">Atelier<\/a><\/li>\n<li id=\"premium-nav-menu-item-1714\" class=\"menu-item menu-item-type-post_type menu-item-object-page premium-nav-menu-item\"><a href=\"https:\/\/magaly-antoine.fr\/index.php\/elementor-14\/\" class=\"premium-menu-link premium-menu-link-parent premium-lq__none\">R\u00e9servation<\/a><\/li>\n<li id=\"premium-nav-menu-item-7095\" class=\"menu-item menu-item-type-post_type menu-item-object-page premium-nav-menu-item\"><a href=\"https:\/\/magaly-antoine.fr\/index.php\/home-dupliquer-52\/\" class=\"premium-menu-link premium-menu-link-parent premium-lq__none\">Contact<\/a><\/li>\n<li id=\"premium-nav-menu-item-23256\" class=\"menu-item menu-item-type-post_type menu-item-object-page premium-nav-menu-item\"><a href=\"https:\/\/magaly-antoine.fr\/index.php\/gallery\/\" class=\"premium-menu-link premium-menu-link-parent premium-lq__none\">Galerie<\/a><\/li>\n<\/ul>\t\t\t\t\t\t\t\t\t\t\t\t\t\t<\/div>\n\t\t\t\t\t\t\t\t\t\t<\/div>\n\t\t\t<\/div>\n\t\t\t\t\t\t\t<\/div>\n\t\t\t\t<\/div>\n\t\t\t\t\t<\/div>\n\t\t\t\t<\/header>\n\t\t<div class=\"elementor-element elementor-element-6b027e3c e-con-full e-flex jltma-glass-effect-no wcf-starter-animations-none e-con e-parent\" data-id=\"6b027e3c\" data-element_type=\"container\" data-e-type=\"container\">\n\t\t\t\t<div class=\"elementor-element elementor-element-17bdf635 wcf-starter-animations-none jltma-glass-effect-no elementor-widget elementor-widget-image\" data-id=\"17bdf635\" data-element_type=\"widget\" data-e-type=\"widget\" data-settings=\"{&quot;wcf_starter_animations&quot;:&quot;none&quot;,&quot;wcf_anim_duration&quot;:1000,&quot;wcf_anim_delay&quot;:0,&quot;wcf_anim_ease&quot;:&quot;ease&quot;,&quot;htmega_fe&quot;:&quot;no&quot;}\" data-widget_type=\"image.default\">\n\t\t\t\t<div class=\"elementor-widget-container\">\n\t\t\t\t\t\t\t\t\t\t\t\t\t\t\t<img fetchpriority=\"high\" decoding=\"async\" width=\"1280\" height=\"851\" src=\"https:\/\/magaly-antoine.fr\/wp-content\/uploads\/2025\/06\/g8dead53354d28cd9143ff5f926a008b07378c8fb84eb7bdba984430bb41426b102128868afb3ec746adf80abfca05d29_1280-868106.jpg\" class=\"attachment-full size-full wp-image-2486\" alt=\"photographer, frog, fun, nature, green, animal, wildlife, camera, taking photos\" srcset=\"https:\/\/magaly-antoine.fr\/wp-content\/uploads\/2025\/06\/g8dead53354d28cd9143ff5f926a008b07378c8fb84eb7bdba984430bb41426b102128868afb3ec746adf80abfca05d29_1280-868106.jpg 1280w, https:\/\/magaly-antoine.fr\/wp-content\/uploads\/2025\/06\/g8dead53354d28cd9143ff5f926a008b07378c8fb84eb7bdba984430bb41426b102128868afb3ec746adf80abfca05d29_1280-868106-300x199.jpg 300w, https:\/\/magaly-antoine.fr\/wp-content\/uploads\/2025\/06\/g8dead53354d28cd9143ff5f926a008b07378c8fb84eb7bdba984430bb41426b102128868afb3ec746adf80abfca05d29_1280-868106-1024x681.jpg 1024w, https:\/\/magaly-antoine.fr\/wp-content\/uploads\/2025\/06\/g8dead53354d28cd9143ff5f926a008b07378c8fb84eb7bdba984430bb41426b102128868afb3ec746adf80abfca05d29_1280-868106-768x511.jpg 768w\" sizes=\"(max-width: 1280px) 100vw, 1280px\" \/>\t\t\t\t\t\t\t\t\t\t\t\t\t\t\t<\/div>\n\t\t\t\t<\/div>\n\t\t\t\t<div class=\"elementor-element elementor-element-1113f417 wcf-starter-animations-none jltma-glass-effect-no elementor-invisible elementor-widget elementor-widget-heading\" data-id=\"1113f417\" data-element_type=\"widget\" data-e-type=\"widget\" data-settings=\"{&quot;_animation&quot;:&quot;fadeInUp&quot;,&quot;wcf_starter_animations&quot;:&quot;none&quot;,&quot;wcf_anim_duration&quot;:1000,&quot;wcf_anim_delay&quot;:0,&quot;wcf_anim_ease&quot;:&quot;ease&quot;,&quot;htmega_fe&quot;:&quot;no&quot;}\" data-widget_type=\"heading.default\">\n\t\t\t\t<div class=\"elementor-widget-container\">\n\t\t\t\t\t<h1 class=\"elementor-heading-title elementor-size-default\">Galerie<\/h1>\t\t\t\t<\/div>\n\t\t\t\t<\/div>\n\t\t\t\t<div class=\"elementor-element elementor-element-2e277898 gallery-spacing-custom animated-slow jltma-glass-effect-no elementor-invisible elementor-widget elementor-widget-image-gallery\" data-id=\"2e277898\" data-element_type=\"widget\" data-e-type=\"widget\" data-settings=\"{&quot;_animation&quot;:&quot;fadeInUp&quot;,&quot;htmega_fe&quot;:&quot;no&quot;}\" data-widget_type=\"image-gallery.default\">\n\t\t\t\t<div class=\"elementor-widget-container\">\n\t\t\t\t\t\t\t<div class=\"elementor-image-gallery\">\n\t\t\t<div id='gallery-1' class='gallery galleryid-33 gallery-columns-3 gallery-size-full'><figure class='gallery-item'>\n\t\t\t<div class='gallery-icon landscape'>\n\t\t\t\t<img decoding=\"async\" width=\"782\" height=\"758\" src=\"https:\/\/magaly-antoine.fr\/wp-content\/uploads\/2025\/05\/atelier-1.jpg\" class=\"attachment-full size-full\" alt=\"\" aria-describedby=\"gallery-1-2332\" srcset=\"https:\/\/magaly-antoine.fr\/wp-content\/uploads\/2025\/05\/atelier-1.jpg 782w, https:\/\/magaly-antoine.fr\/wp-content\/uploads\/2025\/05\/atelier-1-300x291.jpg 300w, https:\/\/magaly-antoine.fr\/wp-content\/uploads\/2025\/05\/atelier-1-768x744.jpg 768w\" sizes=\"(max-width: 782px) 100vw, 782px\" \/>\n\t\t\t<\/div>\n\t\t\t\t<figcaption class='wp-caption-text gallery-caption' id='gallery-1-2332'>\n\t\t\t\tStudio Pilates\n\t\t\t\t<\/figcaption><\/figure><figure class='gallery-item'>\n\t\t\t<div class='gallery-icon landscape'>\n\t\t\t\t<img decoding=\"async\" width=\"2048\" height=\"1536\" src=\"https:\/\/magaly-antoine.fr\/wp-content\/uploads\/2025\/05\/Salle-Yoga-la-cote-2.jpg\" class=\"attachment-full size-full\" alt=\"\" aria-describedby=\"gallery-1-2331\" srcset=\"https:\/\/magaly-antoine.fr\/wp-content\/uploads\/2025\/05\/Salle-Yoga-la-cote-2.jpg 2048w, https:\/\/magaly-antoine.fr\/wp-content\/uploads\/2025\/05\/Salle-Yoga-la-cote-2-300x225.jpg 300w, https:\/\/magaly-antoine.fr\/wp-content\/uploads\/2025\/05\/Salle-Yoga-la-cote-2-1024x768.jpg 1024w, https:\/\/magaly-antoine.fr\/wp-content\/uploads\/2025\/05\/Salle-Yoga-la-cote-2-768x576.jpg 768w, https:\/\/magaly-antoine.fr\/wp-content\/uploads\/2025\/05\/Salle-Yoga-la-cote-2-1536x1152.jpg 1536w\" sizes=\"(max-width: 2048px) 100vw, 2048px\" \/>\n\t\t\t<\/div>\n\t\t\t\t<figcaption class='wp-caption-text gallery-caption' id='gallery-1-2331'>\n\t\t\t\tStudio Yoga La C\u00f4te\n\t\t\t\t<\/figcaption><\/figure><figure class='gallery-item'>\n\t\t\t<div class='gallery-icon landscape'>\n\t\t\t\t<img loading=\"lazy\" decoding=\"async\" width=\"1024\" height=\"683\" src=\"https:\/\/magaly-antoine.fr\/wp-content\/uploads\/2025\/06\/Cabinet-earth-Salle-1.jpg\" class=\"attachment-full size-full\" alt=\"\" aria-describedby=\"gallery-1-2484\" srcset=\"https:\/\/magaly-antoine.fr\/wp-content\/uploads\/2025\/06\/Cabinet-earth-Salle-1.jpg 1024w, https:\/\/magaly-antoine.fr\/wp-content\/uploads\/2025\/06\/Cabinet-earth-Salle-1-300x200.jpg 300w, https:\/\/magaly-antoine.fr\/wp-content\/uploads\/2025\/06\/Cabinet-earth-Salle-1-768x512.jpg 768w\" sizes=\"(max-width: 1024px) 100vw, 1024px\" \/>\n\t\t\t<\/div>\n\t\t\t\t<figcaption class='wp-caption-text gallery-caption' id='gallery-1-2484'>\n\t\t\t\tCabinet earth\n\t\t\t\t<\/figcaption><\/figure><figure class='gallery-item'>\n\t\t\t<div class='gallery-icon portrait'>\n\t\t\t\t<img loading=\"lazy\" decoding=\"async\" width=\"674\" height=\"676\" src=\"https:\/\/magaly-antoine.fr\/wp-content\/uploads\/2025\/06\/Cabinet-earth-hall.jpg\" class=\"attachment-full size-full\" alt=\"\" aria-describedby=\"gallery-1-2485\" srcset=\"https:\/\/magaly-antoine.fr\/wp-content\/uploads\/2025\/06\/Cabinet-earth-hall.jpg 674w, https:\/\/magaly-antoine.fr\/wp-content\/uploads\/2025\/06\/Cabinet-earth-hall-300x300.jpg 300w, https:\/\/magaly-antoine.fr\/wp-content\/uploads\/2025\/06\/Cabinet-earth-hall-150x150.jpg 150w\" sizes=\"(max-width: 674px) 100vw, 674px\" \/>\n\t\t\t<\/div>\n\t\t\t\t<figcaption class='wp-caption-text gallery-caption' id='gallery-1-2485'>\n\t\t\t\tCabinet earth\n\t\t\t\t<\/figcaption><\/figure>\n\t\t<\/div>\n\t\t<\/div>\n\t\t\t\t\t\t<\/div>\n\t\t\t\t<\/div>\n\t\t\t\t<\/div>\n\t\t\t\t<\/div>\n\t\t","protected":false},"excerpt":{"rendered":"<p>Menu Fermer Home Sophrologie Atelier R\u00e9servation Contact Galerie Home Sophrologie Atelier R\u00e9servation Contact Galerie Galerie Studio Pilates Studio Yoga La C\u00f4te Cabinet earth Cabinet earth<\/p>\n","protected":false},"author":1,"featured_media":0,"parent":0,"menu_order":0,"comment_status":"closed","ping_status":"closed","template":"elementor_header_footer","meta":{"footnotes":""},"class_list":["post-33","page","type-page","status-publish","hentry"],"yoast_head":"<!-- This site is optimized with the Yoast SEO plugin v27.4 - https:\/\/yoast.com\/product\/yoast-seo-wordpress\/ -->\n<title>Galerie - Bien-\u00eatre by Magaly<\/title>\n<meta name=\"robots\" content=\"index, follow, max-snippet:-1, max-image-preview:large, max-video-preview:-1\" \/>\n<link rel=\"canonical\" href=\"https:\/\/magaly-antoine.fr\/index.php\/gallery\/\" \/>\n<meta property=\"og:locale\" content=\"fr_FR\" \/>\n<meta property=\"og:type\" content=\"article\" \/>\n<meta property=\"og:title\" content=\"Galerie - Bien-\u00eatre by Magaly\" \/>\n<meta property=\"og:description\" content=\"Menu Fermer Home Sophrologie Atelier R\u00e9servation Contact Galerie Home Sophrologie Atelier R\u00e9servation Contact Galerie Galerie Studio Pilates Studio Yoga La C\u00f4te Cabinet earth Cabinet earth\" \/>\n<meta property=\"og:url\" content=\"https:\/\/magaly-antoine.fr\/index.php\/gallery\/\" \/>\n<meta property=\"og:site_name\" content=\"Bien-\u00eatre by Magaly\" \/>\n<meta property=\"article:modified_time\" content=\"2025-06-17T06:25:11+00:00\" \/>\n<meta property=\"og:image\" content=\"https:\/\/magaly-antoine.fr\/wp-content\/uploads\/2025\/06\/g8dead53354d28cd9143ff5f926a008b07378c8fb84eb7bdba984430bb41426b102128868afb3ec746adf80abfca05d29_1280-868106.jpg\" \/>\n<meta name=\"twitter:card\" content=\"summary_large_image\" \/>\n<meta name=\"twitter:label1\" content=\"Dur\u00e9e de lecture estim\u00e9e\" \/>\n\t<meta name=\"twitter:data1\" content=\"2 minutes\" \/>\n<script type=\"application\/ld+json\" class=\"yoast-schema-graph\">{\"@context\":\"https:\\\/\\\/schema.org\",\"@graph\":[{\"@type\":\"WebPage\",\"@id\":\"https:\\\/\\\/magaly-antoine.fr\\\/index.php\\\/gallery\\\/\",\"url\":\"https:\\\/\\\/magaly-antoine.fr\\\/index.php\\\/gallery\\\/\",\"name\":\"Galerie - Bien-\u00eatre by Magaly\",\"isPartOf\":{\"@id\":\"https:\\\/\\\/magaly-antoine.fr\\\/#website\"},\"primaryImageOfPage\":{\"@id\":\"https:\\\/\\\/magaly-antoine.fr\\\/index.php\\\/gallery\\\/#primaryimage\"},\"image\":{\"@id\":\"https:\\\/\\\/magaly-antoine.fr\\\/index.php\\\/gallery\\\/#primaryimage\"},\"thumbnailUrl\":\"https:\\\/\\\/magaly-antoine.fr\\\/wp-content\\\/uploads\\\/2025\\\/06\\\/g8dead53354d28cd9143ff5f926a008b07378c8fb84eb7bdba984430bb41426b102128868afb3ec746adf80abfca05d29_1280-868106.jpg\",\"datePublished\":\"2024-10-17T07:06:01+00:00\",\"dateModified\":\"2025-06-17T06:25:11+00:00\",\"breadcrumb\":{\"@id\":\"https:\\\/\\\/magaly-antoine.fr\\\/index.php\\\/gallery\\\/#breadcrumb\"},\"inLanguage\":\"fr-FR\",\"potentialAction\":[{\"@type\":\"ReadAction\",\"target\":[\"https:\\\/\\\/magaly-antoine.fr\\\/index.php\\\/gallery\\\/\"]}]},{\"@type\":\"ImageObject\",\"inLanguage\":\"fr-FR\",\"@id\":\"https:\\\/\\\/magaly-antoine.fr\\\/index.php\\\/gallery\\\/#primaryimage\",\"url\":\"https:\\\/\\\/magaly-antoine.fr\\\/wp-content\\\/uploads\\\/2025\\\/06\\\/g8dead53354d28cd9143ff5f926a008b07378c8fb84eb7bdba984430bb41426b102128868afb3ec746adf80abfca05d29_1280-868106.jpg\",\"contentUrl\":\"https:\\\/\\\/magaly-antoine.fr\\\/wp-content\\\/uploads\\\/2025\\\/06\\\/g8dead53354d28cd9143ff5f926a008b07378c8fb84eb7bdba984430bb41426b102128868afb3ec746adf80abfca05d29_1280-868106.jpg\",\"width\":1280,\"height\":851,\"caption\":\"photographer, frog, fun, nature, green, animal, wildlife, camera, taking photos\"},{\"@type\":\"BreadcrumbList\",\"@id\":\"https:\\\/\\\/magaly-antoine.fr\\\/index.php\\\/gallery\\\/#breadcrumb\",\"itemListElement\":[{\"@type\":\"ListItem\",\"position\":1,\"name\":\"Accueil\",\"item\":\"https:\\\/\\\/magaly-antoine.fr\\\/\"},{\"@type\":\"ListItem\",\"position\":2,\"name\":\"Galerie\"}]},{\"@type\":\"WebSite\",\"@id\":\"https:\\\/\\\/magaly-antoine.fr\\\/#website\",\"url\":\"https:\\\/\\\/magaly-antoine.fr\\\/\",\"name\":\"Bien-\u00eatre by Magaly\",\"description\":\"Bien-\u00eatre by Magaly\",\"publisher\":{\"@id\":\"https:\\\/\\\/magaly-antoine.fr\\\/#organization\"},\"potentialAction\":[{\"@type\":\"SearchAction\",\"target\":{\"@type\":\"EntryPoint\",\"urlTemplate\":\"https:\\\/\\\/magaly-antoine.fr\\\/?s={search_term_string}\"},\"query-input\":{\"@type\":\"PropertyValueSpecification\",\"valueRequired\":true,\"valueName\":\"search_term_string\"}}],\"inLanguage\":\"fr-FR\"},{\"@type\":\"Organization\",\"@id\":\"https:\\\/\\\/magaly-antoine.fr\\\/#organization\",\"name\":\"Bien-\u00eatre by Magaly\",\"url\":\"https:\\\/\\\/magaly-antoine.fr\\\/\",\"logo\":{\"@type\":\"ImageObject\",\"inLanguage\":\"fr-FR\",\"@id\":\"https:\\\/\\\/magaly-antoine.fr\\\/#\\\/schema\\\/logo\\\/image\\\/\",\"url\":\"https:\\\/\\\/magaly-antoine.fr\\\/wp-content\\\/uploads\\\/2024\\\/10\\\/logo_magaly.png\",\"contentUrl\":\"https:\\\/\\\/magaly-antoine.fr\\\/wp-content\\\/uploads\\\/2024\\\/10\\\/logo_magaly.png\",\"width\":1201,\"height\":1201,\"caption\":\"Bien-\u00eatre by Magaly\"},\"image\":{\"@id\":\"https:\\\/\\\/magaly-antoine.fr\\\/#\\\/schema\\\/logo\\\/image\\\/\"}}]}<\/script>\n<!-- \/ Yoast SEO plugin. -->","yoast_head_json":{"title":"Galerie - Bien-\u00eatre by Magaly","robots":{"index":"index","follow":"follow","max-snippet":"max-snippet:-1","max-image-preview":"max-image-preview:large","max-video-preview":"max-video-preview:-1"},"canonical":"https:\/\/magaly-antoine.fr\/index.php\/gallery\/","og_locale":"fr_FR","og_type":"article","og_title":"Galerie - Bien-\u00eatre by Magaly","og_description":"Menu Fermer Home Sophrologie Atelier R\u00e9servation Contact Galerie Home Sophrologie Atelier R\u00e9servation Contact Galerie Galerie Studio Pilates Studio Yoga La C\u00f4te Cabinet earth Cabinet earth","og_url":"https:\/\/magaly-antoine.fr\/index.php\/gallery\/","og_site_name":"Bien-\u00eatre by Magaly","article_modified_time":"2025-06-17T06:25:11+00:00","og_image":[{"url":"https:\/\/magaly-antoine.fr\/wp-content\/uploads\/2025\/06\/g8dead53354d28cd9143ff5f926a008b07378c8fb84eb7bdba984430bb41426b102128868afb3ec746adf80abfca05d29_1280-868106.jpg","type":"","width":"","height":""}],"twitter_card":"summary_large_image","twitter_misc":{"Dur\u00e9e de lecture estim\u00e9e":"2 minutes"},"schema":{"@context":"https:\/\/schema.org","@graph":[{"@type":"WebPage","@id":"https:\/\/magaly-antoine.fr\/index.php\/gallery\/","url":"https:\/\/magaly-antoine.fr\/index.php\/gallery\/","name":"Galerie - Bien-\u00eatre by Magaly","isPartOf":{"@id":"https:\/\/magaly-antoine.fr\/#website"},"primaryImageOfPage":{"@id":"https:\/\/magaly-antoine.fr\/index.php\/gallery\/#primaryimage"},"image":{"@id":"https:\/\/magaly-antoine.fr\/index.php\/gallery\/#primaryimage"},"thumbnailUrl":"https:\/\/magaly-antoine.fr\/wp-content\/uploads\/2025\/06\/g8dead53354d28cd9143ff5f926a008b07378c8fb84eb7bdba984430bb41426b102128868afb3ec746adf80abfca05d29_1280-868106.jpg","datePublished":"2024-10-17T07:06:01+00:00","dateModified":"2025-06-17T06:25:11+00:00","breadcrumb":{"@id":"https:\/\/magaly-antoine.fr\/index.php\/gallery\/#breadcrumb"},"inLanguage":"fr-FR","potentialAction":[{"@type":"ReadAction","target":["https:\/\/magaly-antoine.fr\/index.php\/gallery\/"]}]},{"@type":"ImageObject","inLanguage":"fr-FR","@id":"https:\/\/magaly-antoine.fr\/index.php\/gallery\/#primaryimage","url":"https:\/\/magaly-antoine.fr\/wp-content\/uploads\/2025\/06\/g8dead53354d28cd9143ff5f926a008b07378c8fb84eb7bdba984430bb41426b102128868afb3ec746adf80abfca05d29_1280-868106.jpg","contentUrl":"https:\/\/magaly-antoine.fr\/wp-content\/uploads\/2025\/06\/g8dead53354d28cd9143ff5f926a008b07378c8fb84eb7bdba984430bb41426b102128868afb3ec746adf80abfca05d29_1280-868106.jpg","width":1280,"height":851,"caption":"photographer, frog, fun, nature, green, animal, wildlife, camera, taking photos"},{"@type":"BreadcrumbList","@id":"https:\/\/magaly-antoine.fr\/index.php\/gallery\/#breadcrumb","itemListElement":[{"@type":"ListItem","position":1,"name":"Accueil","item":"https:\/\/magaly-antoine.fr\/"},{"@type":"ListItem","position":2,"name":"Galerie"}]},{"@type":"WebSite","@id":"https:\/\/magaly-antoine.fr\/#website","url":"https:\/\/magaly-antoine.fr\/","name":"Bien-\u00eatre by Magaly","description":"Bien-\u00eatre by Magaly","publisher":{"@id":"https:\/\/magaly-antoine.fr\/#organization"},"potentialAction":[{"@type":"SearchAction","target":{"@type":"EntryPoint","urlTemplate":"https:\/\/magaly-antoine.fr\/?s={search_term_string}"},"query-input":{"@type":"PropertyValueSpecification","valueRequired":true,"valueName":"search_term_string"}}],"inLanguage":"fr-FR"},{"@type":"Organization","@id":"https:\/\/magaly-antoine.fr\/#organization","name":"Bien-\u00eatre by Magaly","url":"https:\/\/magaly-antoine.fr\/","logo":{"@type":"ImageObject","inLanguage":"fr-FR","@id":"https:\/\/magaly-antoine.fr\/#\/schema\/logo\/image\/","url":"https:\/\/magaly-antoine.fr\/wp-content\/uploads\/2024\/10\/logo_magaly.png","contentUrl":"https:\/\/magaly-antoine.fr\/wp-content\/uploads\/2024\/10\/logo_magaly.png","width":1201,"height":1201,"caption":"Bien-\u00eatre by Magaly"},"image":{"@id":"https:\/\/magaly-antoine.fr\/#\/schema\/logo\/image\/"}}]}},"_links":{"self":[{"href":"https:\/\/magaly-antoine.fr\/index.php\/wp-json\/wp\/v2\/pages\/33","targetHints":{"allow":["GET"]}}],"collection":[{"href":"https:\/\/magaly-antoine.fr\/index.php\/wp-json\/wp\/v2\/pages"}],"about":[{"href":"https:\/\/magaly-antoine.fr\/index.php\/wp-json\/wp\/v2\/types\/page"}],"author":[{"embeddable":true,"href":"https:\/\/magaly-antoine.fr\/index.php\/wp-json\/wp\/v2\/users\/1"}],"replies":[{"embeddable":true,"href":"https:\/\/magaly-antoine.fr\/index.php\/wp-json\/wp\/v2\/comments?post=33"}],"version-history":[{"count":51,"href":"https:\/\/magaly-antoine.fr\/index.php\/wp-json\/wp\/v2\/pages\/33\/revisions"}],"predecessor-version":[{"id":2621,"href":"https:\/\/magaly-antoine.fr\/index.php\/wp-json\/wp\/v2\/pages\/33\/revisions\/2621"}],"wp:attachment":[{"href":"https:\/\/magaly-antoine.fr\/index.php\/wp-json\/wp\/v2\/media?parent=33"}],"curies":[{"name":"wp","href":"https:\/\/api.w.org\/{rel}","templated":true}]}}